{"id":918,"date":"2026-01-18T19:42:37","date_gmt":"2026-01-18T19:42:37","guid":{"rendered":"https:\/\/otorrinogirona.com\/politica-de-privacidad\/"},"modified":"2026-01-21T19:24:14","modified_gmt":"2026-01-21T19:24:14","slug":"politica-de-privacidad","status":"publish","type":"page","link":"https:\/\/otorrinogirona.com\/es\/politica-de-privacidad\/","title":{"rendered":"Pol\u00edtica de privacidad"},"content":{"rendered":"\t\t<div data-elementor-type=\"wp-page\" data-elementor-id=\"918\" class=\"elementor elementor-918 elementor-759\" data-elementor-post-type=\"page\">\n\t\t\t\t<div class=\"elementor-element elementor-element-0e21ed7 e-flex e-con-boxed e-con e-parent\" data-id=\"0e21ed7\" data-element_type=\"container\">\n\t\t\t\t\t<div class=\"e-con-inner\">\n\t\t<div class=\"elementor-element elementor-element-7c3f5e8 e-con-full e-flex e-con e-child\" data-id=\"7c3f5e8\" data-element_type=\"container\">\n\t\t<div class=\"elementor-element elementor-element-aea2dfc e-con-full e-flex e-con e-child\" data-id=\"aea2dfc\" data-element_type=\"container\">\n\t\t\t\t<div class=\"elementor-element elementor-element-4babbbb elementor-widget elementor-widget-heading\" data-id=\"4babbbb\" data-element_type=\"widget\" data-widget_type=\"heading.default\">\n\t\t\t\t\t<h2 class=\"elementor-heading-title elementor-size-default\">Informaci\u00f3n adicional: Pol\u00edtica de Privacidad\n<\/h2>\t\t\t\t<\/div>\n\t\t\t\t<div class=\"elementor-element elementor-element-e52a4f0 elementor-widget elementor-widget-text-editor\" data-id=\"e52a4f0\" data-element_type=\"widget\" data-widget_type=\"text-editor.default\">\n\t\t\t\t\t\t\t\t\t<ol><li><strong>\u00bfQui\u00e9n es el responsable del tratamiento de sus datos?<br><\/strong>Dr. Ignasi Sambola<br>Domicilio: Calle Francesc Ciurana 24, 4.2, 17002 Girona<br>Correo electr\u00f3nico: info@ignasisambola.com<br>Tel\u00e9fono: 972 20 37 62<br>DNI: XXXXXXXXXXK<br><br><\/li><li><strong>\u00bfCon qu\u00e9 finalidad tratamos sus datos personales?<\/strong>Tratamos la informaci\u00f3n que nos facilitan las personas interesadas con la finalidad de:<br><em><span style=\"white-space: normal;\">Concertar visitas a trav\u00e9s de la p\u00e1gina web<br><br><\/span><\/em><\/li><li><strong>\u00bfDurante cu\u00e1nto tiempo conservaremos sus datos?<br><\/strong>Los datos personales proporcionados a trav\u00e9s del formulario de contacto se conservar\u00e1n hasta que se d\u00e9 respuesta a la consulta realizada y, como m\u00e1ximo, durante 6 meses a partir de su recepci\u00f3n. El interesado puede revocar su consentimiento en cualquier momento.<br><br>En caso de que el interesado se convierta en paciente del Dr. Ignasi Sambola, se conservar\u00e1n sus datos de acuerdo con el plazo de 15 a\u00f1os, previsto en la legislaci\u00f3n vigente para la conservaci\u00f3n de las historias cl\u00ednicas.<br><br><\/li><li><strong>\u00bfCu\u00e1l es la legitimaci\u00f3n para el tratamiento de sus datos?<br><\/strong>La base legal para el tratamiento de los datos de una solicitud de informaci\u00f3n es la propia solicitud hecha por el interesado a trav\u00e9s del formulario de contacto.<br><br><\/li><li><strong>\u00bfA qui\u00e9n comunicaremos sus datos?<br><\/strong>Sus datos personales no ser\u00e1n cedidos a terceros, salvo obligaci\u00f3n legal.<br><br><\/li><li><strong>\u00bfC\u00f3mo hemos obtenido sus datos?<br><\/strong>Los datos personales que se tratan en la consulta del Dr. Ignasi Sambola provienen de las solicitudes hechas por los propios interesados.<br><br>Las categor\u00edas de datos que se tratan para concertar visitas consisten \u00fanicamente en datos identificativos de las personas interesadas. No se tratan datos especialmente protegidos para esta finalidad.<br><br><\/li><li><strong>\u00bfQu\u00e9 derechos tiene al facilitarnos sus datos?<br><\/strong>Toda persona tiene derecho a obtener confirmaci\u00f3n sobre si en la consulta del Dr. Ignasi Sambola se tratan datos personales que la conciernan, o no.<br><br>Tiene derecho a:<ol><li><span style=\"white-space: normal;\">Acceder a sus datos personales<\/span><\/li><li>Solicitar la rectificaci\u00f3n de datos inexactos<\/li><li>Solicitar la supresi\u00f3n de sus datos cuando ya no sean necesarios<\/li><li>Oponerse a su tratamiento por motivos relacionados con su situaci\u00f3n particular<\/li><li>Limitar el tratamiento de sus datos en determinadas circunstancias<br><br><\/li><\/ol><\/li><li>Dejaremos de tratar los datos, salvo por motivos leg\u00edtimos imperiosos, o para el ejercicio o la defensa de posibles reclamaciones.<br><br><\/li><li>Tambi\u00e9n puede ejercer los derechos de acceso, rectificaci\u00f3n, cancelaci\u00f3n, oposici\u00f3n y limitaci\u00f3n del tratamiento, de acuerdo con las condiciones y l\u00edmites establecidos en la legislaci\u00f3n vigente, enviando un escrito a:<br><ol><li>Consulta del Dr. Ignasi Sambola.<br>Carrer Fracesc Ciurana 24, 4.2, 17002 Girona<\/li><li>O bien mediante correo electr\u00f3nico a info@ignasisambola.com. Referencia: Derechos protecci\u00f3n de datos personales<br><br><\/li><\/ol><\/li><li>En cualquier caso, ser\u00e1 necesario adjuntar una copia de su DNI, pasaporte o documento equivalente.<br><br><\/li><li>Si lo considera oportuno, puede presentar una reclamaci\u00f3n ante la Agencia Espa\u00f1ola de Protecci\u00f3n de Datos: <a href=\"http:\/\/www.agpd.es\/portalwebAGPD\/CanalDelCiudadano\/derechos\/index-ides-idphp.php\">http:\/\/www.agpd.es\/portalwebAGPD\/CanalDelCiudadano\/derechos\/index-ides-idphp.php<\/a><\/li><\/ol>\t\t\t\t\t\t\t\t<\/div>\n\t\t\t\t<\/div>\n\t\t<div class=\"elementor-element elementor-element-655e26e e-con-full e-flex e-con e-child\" data-id=\"655e26e\" data-element_type=\"container\">\n\t\t\t\t<div class=\"elementor-element elementor-element-ab40c3a elementor-widget elementor-widget-heading\" data-id=\"ab40c3a\" data-element_type=\"widget\" data-widget_type=\"heading.default\">\n\t\t\t\t\t<h2 class=\"elementor-heading-title elementor-size-default\">Estamos aqu\u00ed para atenderle<\/h2>\t\t\t\t<\/div>\n\t\t\t\t<div class=\"elementor-element elementor-element-ab376cb elementor-widget elementor-widget-text-editor\" data-id=\"ab376cb\" data-element_type=\"widget\" data-widget_type=\"text-editor.default\">\n\t\t\t\t\t\t\t\t\t<p class=\"p1\">Contacte con nosotros para cualquier consulta o para programar su visita. Estaremos encantados de atenderle.<\/p>\t\t\t\t\t\t\t\t<\/div>\n\t\t<div class=\"elementor-element elementor-element-b1dded4 e-con-full e-flex e-con e-child\" data-id=\"b1dded4\" data-element_type=\"container\">\n\t\t<div class=\"elementor-element elementor-element-71cce6d e-con-full e-flex e-con e-child\" data-id=\"71cce6d\" data-element_type=\"container\">\n\t\t<div class=\"elementor-element elementor-element-8202c07 e-con-full e-flex e-con e-child\" data-id=\"8202c07\" data-element_type=\"container\">\n\t\t\t\t<div class=\"elementor-element elementor-element-12bb47f elementor-view-framed elementor-shape-rounded elementor-widget elementor-widget-icon\" data-id=\"12bb47f\" data-element_type=\"widget\" data-widget_type=\"icon.default\">\n\t\t\t\t\t\t\t<div class=\"elementor-icon-wrapper\">\n\t\t\t<div class=\"elementor-icon\">\n\t\t\t<svg aria-hidden=\"true\" class=\"e-font-icon-svg e-fas-map-marker-alt\" viewBox=\"0 0 384 512\" xmlns=\"http:\/\/www.w3.org\/2000\/svg\"><path d=\"M172.268 501.67C26.97 291.031 0 269.413 0 192 0 85.961 85.961 0 192 0s192 85.961 192 192c0 77.413-26.97 99.031-172.268 309.67-9.535 13.774-29.93 13.773-39.464 0zM192 272c44.183 0 80-35.817 80-80s-35.817-80-80-80-80 35.817-80 80 35.817 80 80 80z\"><\/path><\/svg>\t\t\t<\/div>\n\t\t<\/div>\n\t\t\t\t\t\t<\/div>\n\t\t\t\t<\/div>\n\t\t<div class=\"elementor-element elementor-element-8821e9e e-con-full e-flex e-con e-child\" data-id=\"8821e9e\" data-element_type=\"container\">\n\t\t\t\t<div class=\"elementor-element elementor-element-924f89c elementor-widget elementor-widget-heading\" data-id=\"924f89c\" data-element_type=\"widget\" data-widget_type=\"heading.default\">\n\t\t\t\t\t<h5 class=\"elementor-heading-title elementor-size-default\">Direcci\u00f3n<\/h5>\t\t\t\t<\/div>\n\t\t\t\t<div class=\"elementor-element elementor-element-8c6462f elementor-widget elementor-widget-heading\" data-id=\"8c6462f\" data-element_type=\"widget\" data-widget_type=\"heading.default\">\n\t\t\t\t\t<h4 class=\"elementor-heading-title elementor-size-default\">Carrer Francesc Ciurana, 24, 4-2, 17002 Girona<\/h4>\t\t\t\t<\/div>\n\t\t\t\t<\/div>\n\t\t\t\t<\/div>\n\t\t<div class=\"elementor-element elementor-element-1bccf7b e-con-full e-flex e-con e-child\" data-id=\"1bccf7b\" data-element_type=\"container\">\n\t\t<div class=\"elementor-element elementor-element-d1f7347 e-con-full e-flex e-con e-child\" data-id=\"d1f7347\" data-element_type=\"container\">\n\t\t\t\t<div class=\"elementor-element elementor-element-3a5122f elementor-view-framed elementor-shape-rounded elementor-widget elementor-widget-icon\" data-id=\"3a5122f\" data-element_type=\"widget\" data-widget_type=\"icon.default\">\n\t\t\t\t\t\t\t<div class=\"elementor-icon-wrapper\">\n\t\t\t<div class=\"elementor-icon\">\n\t\t\t<svg aria-hidden=\"true\" class=\"e-font-icon-svg e-fas-envelope\" viewBox=\"0 0 512 512\" xmlns=\"http:\/\/www.w3.org\/2000\/svg\"><path d=\"M502.3 190.8c3.9-3.1 9.7-.2 9.7 4.7V400c0 26.5-21.5 48-48 48H48c-26.5 0-48-21.5-48-48V195.6c0-5 5.7-7.8 9.7-4.7 22.4 17.4 52.1 39.5 154.1 113.6 21.1 15.4 56.7 47.8 92.2 47.6 35.7.3 72-32.8 92.3-47.6 102-74.1 131.6-96.3 154-113.7zM256 320c23.2.4 56.6-29.2 73.4-41.4 132.7-96.3 142.8-104.7 173.4-128.7 5.8-4.5 9.2-11.5 9.2-18.9v-19c0-26.5-21.5-48-48-48H48C21.5 64 0 85.5 0 112v19c0 7.4 3.4 14.3 9.2 18.9 30.6 23.9 40.7 32.4 173.4 128.7 16.8 12.2 50.2 41.8 73.4 41.4z\"><\/path><\/svg>\t\t\t<\/div>\n\t\t<\/div>\n\t\t\t\t\t\t<\/div>\n\t\t\t\t<\/div>\n\t\t<div class=\"elementor-element elementor-element-6f9a1e9 e-con-full e-flex e-con e-child\" data-id=\"6f9a1e9\" data-element_type=\"container\">\n\t\t\t\t<div class=\"elementor-element elementor-element-aa7934d elementor-widget elementor-widget-heading\" data-id=\"aa7934d\" data-element_type=\"widget\" data-widget_type=\"heading.default\">\n\t\t\t\t\t<h5 class=\"elementor-heading-title elementor-size-default\">Email<\/h5>\t\t\t\t<\/div>\n\t\t\t\t<div class=\"elementor-element elementor-element-b04ff8e elementor-widget elementor-widget-heading\" data-id=\"b04ff8e\" data-element_type=\"widget\" data-widget_type=\"heading.default\">\n\t\t\t\t\t<h4 class=\"elementor-heading-title elementor-size-default\">info@otorrinogirona.com<\/h4>\t\t\t\t<\/div>\n\t\t\t\t<\/div>\n\t\t\t\t<\/div>\n\t\t<div class=\"elementor-element elementor-element-b7308d5 e-con-full e-flex e-con e-child\" data-id=\"b7308d5\" data-element_type=\"container\">\n\t\t<div class=\"elementor-element elementor-element-e99b193 e-con-full e-flex e-con e-child\" data-id=\"e99b193\" data-element_type=\"container\">\n\t\t\t\t<div class=\"elementor-element elementor-element-b69b930 elementor-view-framed elementor-shape-rounded elementor-widget elementor-widget-icon\" data-id=\"b69b930\" data-element_type=\"widget\" data-widget_type=\"icon.default\">\n\t\t\t\t\t\t\t<div class=\"elementor-icon-wrapper\">\n\t\t\t<div class=\"elementor-icon\">\n\t\t\t<svg aria-hidden=\"true\" class=\"e-font-icon-svg e-fas-phone-alt\" viewBox=\"0 0 512 512\" xmlns=\"http:\/\/www.w3.org\/2000\/svg\"><path d=\"M497.39 361.8l-112-48a24 24 0 0 0-28 6.9l-49.6 60.6A370.66 370.66 0 0 1 130.6 204.11l60.6-49.6a23.94 23.94 0 0 0 6.9-28l-48-112A24.16 24.16 0 0 0 122.6.61l-104 24A24 24 0 0 0 0 48c0 256.5 207.9 464 464 464a24 24 0 0 0 23.4-18.6l24-104a24.29 24.29 0 0 0-14.01-27.6z\"><\/path><\/svg>\t\t\t<\/div>\n\t\t<\/div>\n\t\t\t\t\t\t<\/div>\n\t\t\t\t<\/div>\n\t\t<div class=\"elementor-element elementor-element-02fe676 e-con-full e-flex e-con e-child\" data-id=\"02fe676\" data-element_type=\"container\">\n\t\t\t\t<div class=\"elementor-element elementor-element-fac2869 elementor-widget elementor-widget-heading\" data-id=\"fac2869\" data-element_type=\"widget\" data-widget_type=\"heading.default\">\n\t\t\t\t\t<h5 class=\"elementor-heading-title elementor-size-default\">Tel\u00e9fono<\/h5>\t\t\t\t<\/div>\n\t\t\t\t<div class=\"elementor-element elementor-element-78a0170 elementor-widget elementor-widget-heading\" data-id=\"78a0170\" data-element_type=\"widget\" data-widget_type=\"heading.default\">\n\t\t\t\t\t<h4 class=\"elementor-heading-title elementor-size-default\">972 20 37 62<\/h4>\t\t\t\t<\/div>\n\t\t\t\t<\/div>\n\t\t\t\t<\/div>\n\t\t\t\t<\/div>\n\t\t\t\t<\/div>\n\t\t\t\t<\/div>\n\t\t\t\t\t<\/div>\n\t\t\t\t<\/div>\n\t\t\t\t<\/div>\n\t\t","protected":false},"excerpt":{"rendered":"<p>Informaci\u00f3n adicional: Pol\u00edtica de Privacidad \u00bfQui\u00e9n es el responsable del tratamiento de sus datos?Dr. Ignasi SambolaDomicilio: Calle Francesc Ciurana 24, 4.2, 17002 GironaCorreo electr\u00f3nico: info@ignasisambola.comTel\u00e9fono: 972 20 37 62DNI: XXXXXXXXXXK \u00bfCon qu\u00e9 finalidad tratamos sus datos personales?Tratamos la informaci\u00f3n que nos facilitan las personas interesadas con la finalidad de:Concertar visitas a trav\u00e9s de la p\u00e1gina [&hellip;]<\/p>\n","protected":false},"author":1,"featured_media":0,"parent":0,"menu_order":0,"comment_status":"closed","ping_status":"closed","template":"","meta":{"footnotes":""},"class_list":["post-918","page","type-page","status-publish","hentry"],"yoast_head":"<!-- This site is optimized with the Yoast SEO plugin v27.4 - https:\/\/yoast.com\/product\/yoast-seo-wordpress\/ -->\n<title>Pol\u00edtica de privacidad<\/title>\n<meta name=\"robots\" content=\"index, follow, max-snippet:-1, max-image-preview:large, max-video-preview:-1\" \/>\n<link rel=\"canonical\" href=\"https:\/\/otorrinogirona.com\/es\/politica-de-privacidad\/\" \/>\n<meta property=\"og:locale\" content=\"es_ES\" \/>\n<meta property=\"og:type\" content=\"article\" \/>\n<meta property=\"og:title\" content=\"Pol\u00edtica de privacidad\" \/>\n<meta property=\"og:description\" content=\"Informaci\u00f3n adicional: Pol\u00edtica de Privacidad \u00bfQui\u00e9n es el responsable del tratamiento de sus datos?Dr. Ignasi SambolaDomicilio: Calle Francesc Ciurana 24, 4.2, 17002 GironaCorreo electr\u00f3nico: info@ignasisambola.comTel\u00e9fono: 972 20 37 62DNI: XXXXXXXXXXK \u00bfCon qu\u00e9 finalidad tratamos sus datos personales?Tratamos la informaci\u00f3n que nos facilitan las personas interesadas con la finalidad de:Concertar visitas a trav\u00e9s de la p\u00e1gina [&hellip;]\" \/>\n<meta property=\"og:url\" content=\"https:\/\/otorrinogirona.com\/es\/politica-de-privacidad\/\" \/>\n<meta property=\"og:site_name\" content=\"Ignasi Sambola\" \/>\n<meta property=\"article:modified_time\" content=\"2026-01-21T19:24:14+00:00\" \/>\n<meta name=\"twitter:card\" content=\"summary_large_image\" \/>\n<meta name=\"twitter:label1\" content=\"Tiempo de lectura\" \/>\n\t<meta name=\"twitter:data1\" content=\"3 minutos\" \/>\n<script type=\"application\/ld+json\" class=\"yoast-schema-graph\">{\"@context\":\"https:\\\/\\\/schema.org\",\"@graph\":[{\"@type\":\"WebPage\",\"@id\":\"https:\\\/\\\/otorrinogirona.com\\\/es\\\/politica-de-privacidad\\\/\",\"url\":\"https:\\\/\\\/otorrinogirona.com\\\/es\\\/politica-de-privacidad\\\/\",\"name\":\"Pol\u00edtica de privacidad\",\"isPartOf\":{\"@id\":\"https:\\\/\\\/otorrinogirona.com\\\/es\\\/#website\"},\"datePublished\":\"2026-01-18T19:42:37+00:00\",\"dateModified\":\"2026-01-21T19:24:14+00:00\",\"breadcrumb\":{\"@id\":\"https:\\\/\\\/otorrinogirona.com\\\/es\\\/politica-de-privacidad\\\/#breadcrumb\"},\"inLanguage\":\"es\",\"potentialAction\":[{\"@type\":\"ReadAction\",\"target\":[\"https:\\\/\\\/otorrinogirona.com\\\/es\\\/politica-de-privacidad\\\/\"]}]},{\"@type\":\"BreadcrumbList\",\"@id\":\"https:\\\/\\\/otorrinogirona.com\\\/es\\\/politica-de-privacidad\\\/#breadcrumb\",\"itemListElement\":[{\"@type\":\"ListItem\",\"position\":1,\"name\":\"Portada\",\"item\":\"https:\\\/\\\/otorrinogirona.com\\\/es\\\/home\\\/\"},{\"@type\":\"ListItem\",\"position\":2,\"name\":\"Pol\u00edtica de privacidad\"}]},{\"@type\":\"WebSite\",\"@id\":\"https:\\\/\\\/otorrinogirona.com\\\/es\\\/#website\",\"url\":\"https:\\\/\\\/otorrinogirona.com\\\/es\\\/\",\"name\":\"Ignasi Sambola\",\"description\":\"\",\"potentialAction\":[{\"@type\":\"SearchAction\",\"target\":{\"@type\":\"EntryPoint\",\"urlTemplate\":\"https:\\\/\\\/otorrinogirona.com\\\/es\\\/?s={search_term_string}\"},\"query-input\":{\"@type\":\"PropertyValueSpecification\",\"valueRequired\":true,\"valueName\":\"search_term_string\"}}],\"inLanguage\":\"es\"}]}<\/script>\n<!-- \/ Yoast SEO plugin. -->","yoast_head_json":{"title":"Pol\u00edtica de privacidad","robots":{"index":"index","follow":"follow","max-snippet":"max-snippet:-1","max-image-preview":"max-image-preview:large","max-video-preview":"max-video-preview:-1"},"canonical":"https:\/\/otorrinogirona.com\/es\/politica-de-privacidad\/","og_locale":"es_ES","og_type":"article","og_title":"Pol\u00edtica de privacidad","og_description":"Informaci\u00f3n adicional: Pol\u00edtica de Privacidad \u00bfQui\u00e9n es el responsable del tratamiento de sus datos?Dr. Ignasi SambolaDomicilio: Calle Francesc Ciurana 24, 4.2, 17002 GironaCorreo electr\u00f3nico: info@ignasisambola.comTel\u00e9fono: 972 20 37 62DNI: XXXXXXXXXXK \u00bfCon qu\u00e9 finalidad tratamos sus datos personales?Tratamos la informaci\u00f3n que nos facilitan las personas interesadas con la finalidad de:Concertar visitas a trav\u00e9s de la p\u00e1gina [&hellip;]","og_url":"https:\/\/otorrinogirona.com\/es\/politica-de-privacidad\/","og_site_name":"Ignasi Sambola","article_modified_time":"2026-01-21T19:24:14+00:00","twitter_card":"summary_large_image","twitter_misc":{"Tiempo de lectura":"3 minutos"},"schema":{"@context":"https:\/\/schema.org","@graph":[{"@type":"WebPage","@id":"https:\/\/otorrinogirona.com\/es\/politica-de-privacidad\/","url":"https:\/\/otorrinogirona.com\/es\/politica-de-privacidad\/","name":"Pol\u00edtica de privacidad","isPartOf":{"@id":"https:\/\/otorrinogirona.com\/es\/#website"},"datePublished":"2026-01-18T19:42:37+00:00","dateModified":"2026-01-21T19:24:14+00:00","breadcrumb":{"@id":"https:\/\/otorrinogirona.com\/es\/politica-de-privacidad\/#breadcrumb"},"inLanguage":"es","potentialAction":[{"@type":"ReadAction","target":["https:\/\/otorrinogirona.com\/es\/politica-de-privacidad\/"]}]},{"@type":"BreadcrumbList","@id":"https:\/\/otorrinogirona.com\/es\/politica-de-privacidad\/#breadcrumb","itemListElement":[{"@type":"ListItem","position":1,"name":"Portada","item":"https:\/\/otorrinogirona.com\/es\/home\/"},{"@type":"ListItem","position":2,"name":"Pol\u00edtica de privacidad"}]},{"@type":"WebSite","@id":"https:\/\/otorrinogirona.com\/es\/#website","url":"https:\/\/otorrinogirona.com\/es\/","name":"Ignasi Sambola","description":"","potentialAction":[{"@type":"SearchAction","target":{"@type":"EntryPoint","urlTemplate":"https:\/\/otorrinogirona.com\/es\/?s={search_term_string}"},"query-input":{"@type":"PropertyValueSpecification","valueRequired":true,"valueName":"search_term_string"}}],"inLanguage":"es"}]}},"_links":{"self":[{"href":"https:\/\/otorrinogirona.com\/es\/wp-json\/wp\/v2\/pages\/918","targetHints":{"allow":["GET"]}}],"collection":[{"href":"https:\/\/otorrinogirona.com\/es\/wp-json\/wp\/v2\/pages"}],"about":[{"href":"https:\/\/otorrinogirona.com\/es\/wp-json\/wp\/v2\/types\/page"}],"author":[{"embeddable":true,"href":"https:\/\/otorrinogirona.com\/es\/wp-json\/wp\/v2\/users\/1"}],"replies":[{"embeddable":true,"href":"https:\/\/otorrinogirona.com\/es\/wp-json\/wp\/v2\/comments?post=918"}],"version-history":[{"count":0,"href":"https:\/\/otorrinogirona.com\/es\/wp-json\/wp\/v2\/pages\/918\/revisions"}],"wp:attachment":[{"href":"https:\/\/otorrinogirona.com\/es\/wp-json\/wp\/v2\/media?parent=918"}],"curies":[{"name":"wp","href":"https:\/\/api.w.org\/{rel}","templated":true}]}}