{"id":861,"date":"2026-01-18T19:01:33","date_gmt":"2026-01-18T19:01:33","guid":{"rendered":"https:\/\/otorrinogirona.com\/articulos-y-publicaciones\/"},"modified":"2026-01-22T06:32:00","modified_gmt":"2026-01-22T06:32:00","slug":"articulos-y-publicaciones","status":"publish","type":"page","link":"https:\/\/otorrinogirona.com\/es\/articulos-y-publicaciones\/","title":{"rendered":"Art\u00edculos y publicaciones"},"content":{"rendered":"\t\t<div data-elementor-type=\"wp-page\" data-elementor-id=\"861\" class=\"elementor elementor-861 elementor-693\" data-elementor-post-type=\"page\">\n\t\t\t\t<div class=\"elementor-element elementor-element-7dbe49d9 e-flex e-con-boxed e-con e-parent\" data-id=\"7dbe49d9\" data-element_type=\"container\">\n\t\t\t\t\t<div class=\"e-con-inner\">\n\t\t<div class=\"elementor-element elementor-element-3d7257a e-con-full e-flex e-con e-child\" data-id=\"3d7257a\" data-element_type=\"container\">\n\t\t\t\t<div class=\"elementor-element elementor-element-391c1229 elementor-widget elementor-widget-heading\" data-id=\"391c1229\" data-element_type=\"widget\" data-widget_type=\"heading.default\">\n\t\t\t\t\t<h5 class=\"elementor-heading-title elementor-size-default\">Blog<\/h5>\t\t\t\t<\/div>\n\t\t\t\t<div class=\"elementor-element elementor-element-3dd1039b elementor-widget elementor-widget-heading\" data-id=\"3dd1039b\" data-element_type=\"widget\" data-widget_type=\"heading.default\">\n\t\t\t\t\t<h1 class=\"elementor-heading-title elementor-size-default\">Art\u00edculos y publicaciones<\/h1>\t\t\t\t<\/div>\n\t\t\t\t<\/div>\n\t\t\t\t<div class=\"elementor-element elementor-element-60f9e8bb elementor-widget elementor-widget-elementskit-blog-posts\" data-id=\"60f9e8bb\" data-element_type=\"widget\" data-widget_type=\"elementskit-blog-posts.default\">\n\t\t\t\t\t<div class=\"ekit-wid-con\" >        <div id=\"post-items--60f9e8bb\" class=\"row post-items\">\n                    <div class=\"col-lg-4 col-md-6\">\n\n                                    <div class=\"elementskit-post-image-card\">\n                        <div class=\"elementskit-entry-header\">\n                                                            <a href=\"https:\/\/otorrinogirona.com\/es\/lista-de-verificacion-de-tomografia-computarizada-de-hueso-temporal-y-base-de-craneo-lateral\/\" class=\"elementskit-entry-thumb\">\n                                    <img decoding=\"async\" src=\"https:\/\/otorrinogirona.com\/wp-content\/uploads\/2026\/01\/Lista-de-verificacion-de-tomografia-computarizada-de-hueso-temporal-y-base-de-craneo-lateral.jpg\" alt=\"Lista de verificaci\u00f3n de tomograf\u00eda computarizada de hueso temporal y base de cr\u00e1neo lateral\">\n                                <\/a><!-- .elementskit-entry-thumb END -->\n                                                            \n                            \n\t\t\t\t\t\t\t\t\t\t\t\t\t<\/div><!-- .elementskit-entry-header END -->\n\n\t\t\t\t\t\t<div class=\"elementskit-post-body \">\n\t\t\t\t\t\t\t\n\t\t\t\t\t\t\t\t\t\t\t\t\t\t\t\t\t\t\t\t\t\t\t\t\t\t\t\t<div class=\"post-meta-list\">\n\t\t\t\t\t\t\t\t\t\t\t\t\t<\/div>\n\t\t\t\t\t\t\t\t\t\t\t\t\t\n\t\t\t\t\t\t\t\t\n\t\t\t\t\t\t\t\t\t\t\t\t\t\t\t\t\t\t\t\t\t<h2 class=\"entry-title\">\n\t\t\t\t\t<a href=\"https:\/\/otorrinogirona.com\/es\/lista-de-verificacion-de-tomografia-computarizada-de-hueso-temporal-y-base-de-craneo-lateral\/\">\n\t\t\t\t\t\tLista de verificaci\u00f3n de tomograf\u00eda&hellip;\t\t\t\t\t<\/a>\n\t\t\t\t<\/h2>\n\t\t\t\t\t\t\t\t\t\t\t\t\t\t\t\t\t\t\t\t\t\t\t\t\t\t\t\t\t\t\t\t\t\t\t\t\t\t\t\t\t\t<p>La tomograf\u00eda computarizada del hueso temporal es una prueba de imagen fundamental para el diagn\u00f3stico y tratamiento de diversas entidades que afectan a esta compleja&hellip;<\/p>\n\t\t\t\t\t\t\t\t\t\t\t\t\t\t\t\t\t\t\t\t\t\t                                                            <div class=\"btn-wraper\">\n                                    \n                                                                            <a class=\"elementskit-btn whitespace--normal\" id=\"\" href=\"https:\/\/otorrinogirona.com\/es\/lista-de-verificacion-de-tomografia-computarizada-de-hueso-temporal-y-base-de-craneo-lateral\/\">\n                                        \t<svg aria-hidden=\"true\" class=\"e-font-icon-svg e-fas-plus\" viewBox=\"0 0 448 512\" xmlns=\"http:\/\/www.w3.org\/2000\/svg\"><path d=\"M416 208H272V64c0-17.67-14.33-32-32-32h-32c-17.67 0-32 14.33-32 32v144H32c-17.67 0-32 14.33-32 32v32c0 17.67 14.33 32 32 32h144v144c0 17.67 14.33 32 32 32h32c17.67 0 32-14.33 32-32V304h144c17.67 0 32-14.33 32-32v-32c0-17.67-14.33-32-32-32z\"><\/path><\/svg>                                            info                                        <\/a>\n                                                                    <\/div>\n                                                    <\/div><!-- .elementskit-post-body END -->\n                    <\/div>\n                \n            <\/div>\n                    <div class=\"col-lg-4 col-md-6\">\n\n                                    <div class=\"elementskit-post-image-card\">\n                        <div class=\"elementskit-entry-header\">\n                                                            <a href=\"https:\/\/otorrinogirona.com\/es\/otoemisiones-acusticas-en-pacientes-diabeticos-no-insulinodependientes\/\" class=\"elementskit-entry-thumb\">\n                                    <img decoding=\"async\" src=\"https:\/\/otorrinogirona.com\/wp-content\/uploads\/2026\/01\/Otoemisiones-acusticas-en-pacientes-diabeticos-no-insulinodependientes.jpg\" alt=\"Otoemisiones ac\u00fasticas en pacientes diab\u00e9ticos no insulinodependientes\">\n                                <\/a><!-- .elementskit-entry-thumb END -->\n                                                            \n                            \n\t\t\t\t\t\t\t\t\t\t\t\t\t<\/div><!-- .elementskit-entry-header END -->\n\n\t\t\t\t\t\t<div class=\"elementskit-post-body \">\n\t\t\t\t\t\t\t\n\t\t\t\t\t\t\t\t\t\t\t\t\t\t\t\t\t\t\t\t\t\t\t\t\t\t\t\t<div class=\"post-meta-list\">\n\t\t\t\t\t\t\t\t\t\t\t\t\t<\/div>\n\t\t\t\t\t\t\t\t\t\t\t\t\t\n\t\t\t\t\t\t\t\t\n\t\t\t\t\t\t\t\t\t\t\t\t\t\t\t\t\t\t\t\t\t<h2 class=\"entry-title\">\n\t\t\t\t\t<a href=\"https:\/\/otorrinogirona.com\/es\/otoemisiones-acusticas-en-pacientes-diabeticos-no-insulinodependientes\/\">\n\t\t\t\t\t\tOtoemisiones ac\u00fasticas en pacientes diab\u00e9ticos&hellip;\t\t\t\t\t<\/a>\n\t\t\t\t<\/h2>\n\t\t\t\t\t\t\t\t\t\t\t\t\t\t\t\t\t\t\t\t\t\t\t\t\t\t\t\t\t\t\t\t\t\t\t\t\t\t\t\t\t\t<p>Las otoemisiones ac\u00fasticas (OEA) son sonidos fisiol\u00f3gicos de baja intensidad producidos por las c\u00e9lulas ciliadas externas de la c\u00f3clea humana.Se conocen tambi\u00e9n como vibraciones o&hellip;<\/p>\n\t\t\t\t\t\t\t\t\t\t\t\t\t\t\t\t\t\t\t\t\t\t                                                            <div class=\"btn-wraper\">\n                                    \n                                                                            <a class=\"elementskit-btn whitespace--normal\" id=\"\" href=\"https:\/\/otorrinogirona.com\/es\/otoemisiones-acusticas-en-pacientes-diabeticos-no-insulinodependientes\/\">\n                                        \t<svg aria-hidden=\"true\" class=\"e-font-icon-svg e-fas-plus\" viewBox=\"0 0 448 512\" xmlns=\"http:\/\/www.w3.org\/2000\/svg\"><path d=\"M416 208H272V64c0-17.67-14.33-32-32-32h-32c-17.67 0-32 14.33-32 32v144H32c-17.67 0-32 14.33-32 32v32c0 17.67 14.33 32 32 32h144v144c0 17.67 14.33 32 32 32h32c17.67 0 32-14.33 32-32V304h144c17.67 0 32-14.33 32-32v-32c0-17.67-14.33-32-32-32z\"><\/path><\/svg>                                            info                                        <\/a>\n                                                                    <\/div>\n                                                    <\/div><!-- .elementskit-post-body END -->\n                    <\/div>\n                \n            <\/div>\n                <\/div>\n       <\/div>\t\t\t\t<\/div>\n\t\t\t\t\t<\/div>\n\t\t\t\t<\/div>\n\t\t\t\t<\/div>\n\t\t","protected":false},"excerpt":{"rendered":"<p>Blog Art\u00edculos y publicaciones Lista de verificaci\u00f3n de tomograf\u00eda&hellip; La tomograf\u00eda computarizada del hueso temporal es una prueba de imagen fundamental para el diagn\u00f3stico y tratamiento de diversas entidades que afectan a esta compleja&hellip; info Otoemisiones ac\u00fasticas en pacientes diab\u00e9ticos&hellip; Las otoemisiones ac\u00fasticas (OEA) son sonidos fisiol\u00f3gicos de baja intensidad producidos por las c\u00e9lulas ciliadas [&hellip;]<\/p>\n","protected":false},"author":1,"featured_media":0,"parent":0,"menu_order":0,"comment_status":"closed","ping_status":"closed","template":"elementor_header_footer","meta":{"footnotes":""},"class_list":["post-861","page","type-page","status-publish","hentry"],"yoast_head":"<!-- This site is optimized with the Yoast SEO plugin v27.4 - https:\/\/yoast.com\/product\/yoast-seo-wordpress\/ -->\n<title>Art\u00edculos y publicaciones del Dr. Ignasi Sambola<\/title>\n<meta name=\"robots\" content=\"index, follow, max-snippet:-1, max-image-preview:large, max-video-preview:-1\" \/>\n<link rel=\"canonical\" href=\"https:\/\/otorrinogirona.com\/es\/articulos-y-publicaciones\/\" \/>\n<meta property=\"og:locale\" content=\"es_ES\" \/>\n<meta property=\"og:type\" content=\"article\" \/>\n<meta property=\"og:title\" content=\"Art\u00edculos y publicaciones del Dr. Ignasi Sambola\" \/>\n<meta property=\"og:description\" content=\"Blog Art\u00edculos y publicaciones Lista de verificaci\u00f3n de tomograf\u00eda&hellip; La tomograf\u00eda computarizada del hueso temporal es una prueba de imagen fundamental para el diagn\u00f3stico y tratamiento de diversas entidades que afectan a esta compleja&hellip; info Otoemisiones ac\u00fasticas en pacientes diab\u00e9ticos&hellip; Las otoemisiones ac\u00fasticas (OEA) son sonidos fisiol\u00f3gicos de baja intensidad producidos por las c\u00e9lulas ciliadas [&hellip;]\" \/>\n<meta property=\"og:url\" content=\"https:\/\/otorrinogirona.com\/es\/articulos-y-publicaciones\/\" \/>\n<meta property=\"og:site_name\" content=\"Ignasi Sambola\" \/>\n<meta property=\"article:modified_time\" content=\"2026-01-22T06:32:00+00:00\" \/>\n<meta property=\"og:image\" content=\"https:\/\/otorrinogirona.com\/wp-content\/uploads\/2026\/01\/Lista-de-verificacion-de-tomografia-computarizada-de-hueso-temporal-y-base-de-craneo-lateral.jpg\" \/>\n<meta name=\"twitter:card\" content=\"summary_large_image\" \/>\n<script type=\"application\/ld+json\" class=\"yoast-schema-graph\">{\"@context\":\"https:\\\/\\\/schema.org\",\"@graph\":[{\"@type\":\"WebPage\",\"@id\":\"https:\\\/\\\/otorrinogirona.com\\\/es\\\/articulos-y-publicaciones\\\/\",\"url\":\"https:\\\/\\\/otorrinogirona.com\\\/es\\\/articulos-y-publicaciones\\\/\",\"name\":\"Art\u00edculos y publicaciones del Dr. Ignasi Sambola\",\"isPartOf\":{\"@id\":\"https:\\\/\\\/otorrinogirona.com\\\/es\\\/#website\"},\"primaryImageOfPage\":{\"@id\":\"https:\\\/\\\/otorrinogirona.com\\\/es\\\/articulos-y-publicaciones\\\/#primaryimage\"},\"image\":{\"@id\":\"https:\\\/\\\/otorrinogirona.com\\\/es\\\/articulos-y-publicaciones\\\/#primaryimage\"},\"thumbnailUrl\":\"https:\\\/\\\/otorrinogirona.com\\\/wp-content\\\/uploads\\\/2026\\\/01\\\/Lista-de-verificacion-de-tomografia-computarizada-de-hueso-temporal-y-base-de-craneo-lateral.jpg\",\"datePublished\":\"2026-01-18T19:01:33+00:00\",\"dateModified\":\"2026-01-22T06:32:00+00:00\",\"breadcrumb\":{\"@id\":\"https:\\\/\\\/otorrinogirona.com\\\/es\\\/articulos-y-publicaciones\\\/#breadcrumb\"},\"inLanguage\":\"es\",\"potentialAction\":[{\"@type\":\"ReadAction\",\"target\":[\"https:\\\/\\\/otorrinogirona.com\\\/es\\\/articulos-y-publicaciones\\\/\"]}]},{\"@type\":\"ImageObject\",\"inLanguage\":\"es\",\"@id\":\"https:\\\/\\\/otorrinogirona.com\\\/es\\\/articulos-y-publicaciones\\\/#primaryimage\",\"url\":\"https:\\\/\\\/otorrinogirona.com\\\/wp-content\\\/uploads\\\/2026\\\/01\\\/Lista-de-verificacion-de-tomografia-computarizada-de-hueso-temporal-y-base-de-craneo-lateral.jpg\",\"contentUrl\":\"https:\\\/\\\/otorrinogirona.com\\\/wp-content\\\/uploads\\\/2026\\\/01\\\/Lista-de-verificacion-de-tomografia-computarizada-de-hueso-temporal-y-base-de-craneo-lateral.jpg\"},{\"@type\":\"BreadcrumbList\",\"@id\":\"https:\\\/\\\/otorrinogirona.com\\\/es\\\/articulos-y-publicaciones\\\/#breadcrumb\",\"itemListElement\":[{\"@type\":\"ListItem\",\"position\":1,\"name\":\"Portada\",\"item\":\"https:\\\/\\\/otorrinogirona.com\\\/es\\\/home\\\/\"},{\"@type\":\"ListItem\",\"position\":2,\"name\":\"Art\u00edculos y publicaciones\"}]},{\"@type\":\"WebSite\",\"@id\":\"https:\\\/\\\/otorrinogirona.com\\\/es\\\/#website\",\"url\":\"https:\\\/\\\/otorrinogirona.com\\\/es\\\/\",\"name\":\"Ignasi Sambola\",\"description\":\"\",\"potentialAction\":[{\"@type\":\"SearchAction\",\"target\":{\"@type\":\"EntryPoint\",\"urlTemplate\":\"https:\\\/\\\/otorrinogirona.com\\\/es\\\/?s={search_term_string}\"},\"query-input\":{\"@type\":\"PropertyValueSpecification\",\"valueRequired\":true,\"valueName\":\"search_term_string\"}}],\"inLanguage\":\"es\"}]}<\/script>\n<!-- \/ Yoast SEO plugin. -->","yoast_head_json":{"title":"Art\u00edculos y publicaciones del Dr. Ignasi Sambola","robots":{"index":"index","follow":"follow","max-snippet":"max-snippet:-1","max-image-preview":"max-image-preview:large","max-video-preview":"max-video-preview:-1"},"canonical":"https:\/\/otorrinogirona.com\/es\/articulos-y-publicaciones\/","og_locale":"es_ES","og_type":"article","og_title":"Art\u00edculos y publicaciones del Dr. Ignasi Sambola","og_description":"Blog Art\u00edculos y publicaciones Lista de verificaci\u00f3n de tomograf\u00eda&hellip; La tomograf\u00eda computarizada del hueso temporal es una prueba de imagen fundamental para el diagn\u00f3stico y tratamiento de diversas entidades que afectan a esta compleja&hellip; info Otoemisiones ac\u00fasticas en pacientes diab\u00e9ticos&hellip; Las otoemisiones ac\u00fasticas (OEA) son sonidos fisiol\u00f3gicos de baja intensidad producidos por las c\u00e9lulas ciliadas [&hellip;]","og_url":"https:\/\/otorrinogirona.com\/es\/articulos-y-publicaciones\/","og_site_name":"Ignasi Sambola","article_modified_time":"2026-01-22T06:32:00+00:00","og_image":[{"url":"https:\/\/otorrinogirona.com\/wp-content\/uploads\/2026\/01\/Lista-de-verificacion-de-tomografia-computarizada-de-hueso-temporal-y-base-de-craneo-lateral.jpg","type":"","width":"","height":""}],"twitter_card":"summary_large_image","schema":{"@context":"https:\/\/schema.org","@graph":[{"@type":"WebPage","@id":"https:\/\/otorrinogirona.com\/es\/articulos-y-publicaciones\/","url":"https:\/\/otorrinogirona.com\/es\/articulos-y-publicaciones\/","name":"Art\u00edculos y publicaciones del Dr. Ignasi Sambola","isPartOf":{"@id":"https:\/\/otorrinogirona.com\/es\/#website"},"primaryImageOfPage":{"@id":"https:\/\/otorrinogirona.com\/es\/articulos-y-publicaciones\/#primaryimage"},"image":{"@id":"https:\/\/otorrinogirona.com\/es\/articulos-y-publicaciones\/#primaryimage"},"thumbnailUrl":"https:\/\/otorrinogirona.com\/wp-content\/uploads\/2026\/01\/Lista-de-verificacion-de-tomografia-computarizada-de-hueso-temporal-y-base-de-craneo-lateral.jpg","datePublished":"2026-01-18T19:01:33+00:00","dateModified":"2026-01-22T06:32:00+00:00","breadcrumb":{"@id":"https:\/\/otorrinogirona.com\/es\/articulos-y-publicaciones\/#breadcrumb"},"inLanguage":"es","potentialAction":[{"@type":"ReadAction","target":["https:\/\/otorrinogirona.com\/es\/articulos-y-publicaciones\/"]}]},{"@type":"ImageObject","inLanguage":"es","@id":"https:\/\/otorrinogirona.com\/es\/articulos-y-publicaciones\/#primaryimage","url":"https:\/\/otorrinogirona.com\/wp-content\/uploads\/2026\/01\/Lista-de-verificacion-de-tomografia-computarizada-de-hueso-temporal-y-base-de-craneo-lateral.jpg","contentUrl":"https:\/\/otorrinogirona.com\/wp-content\/uploads\/2026\/01\/Lista-de-verificacion-de-tomografia-computarizada-de-hueso-temporal-y-base-de-craneo-lateral.jpg"},{"@type":"BreadcrumbList","@id":"https:\/\/otorrinogirona.com\/es\/articulos-y-publicaciones\/#breadcrumb","itemListElement":[{"@type":"ListItem","position":1,"name":"Portada","item":"https:\/\/otorrinogirona.com\/es\/home\/"},{"@type":"ListItem","position":2,"name":"Art\u00edculos y publicaciones"}]},{"@type":"WebSite","@id":"https:\/\/otorrinogirona.com\/es\/#website","url":"https:\/\/otorrinogirona.com\/es\/","name":"Ignasi Sambola","description":"","potentialAction":[{"@type":"SearchAction","target":{"@type":"EntryPoint","urlTemplate":"https:\/\/otorrinogirona.com\/es\/?s={search_term_string}"},"query-input":{"@type":"PropertyValueSpecification","valueRequired":true,"valueName":"search_term_string"}}],"inLanguage":"es"}]}},"_links":{"self":[{"href":"https:\/\/otorrinogirona.com\/es\/wp-json\/wp\/v2\/pages\/861","targetHints":{"allow":["GET"]}}],"collection":[{"href":"https:\/\/otorrinogirona.com\/es\/wp-json\/wp\/v2\/pages"}],"about":[{"href":"https:\/\/otorrinogirona.com\/es\/wp-json\/wp\/v2\/types\/page"}],"author":[{"embeddable":true,"href":"https:\/\/otorrinogirona.com\/es\/wp-json\/wp\/v2\/users\/1"}],"replies":[{"embeddable":true,"href":"https:\/\/otorrinogirona.com\/es\/wp-json\/wp\/v2\/comments?post=861"}],"version-history":[{"count":0,"href":"https:\/\/otorrinogirona.com\/es\/wp-json\/wp\/v2\/pages\/861\/revisions"}],"wp:attachment":[{"href":"https:\/\/otorrinogirona.com\/es\/wp-json\/wp\/v2\/media?parent=861"}],"curies":[{"name":"wp","href":"https:\/\/api.w.org\/{rel}","templated":true}]}}